{"id":969,"date":"2024-10-06T08:39:40","date_gmt":"2024-10-06T07:39:40","guid":{"rendered":"https:\/\/diary.umlauts.de\/?page_id=969"},"modified":"2024-10-06T08:39:40","modified_gmt":"2024-10-06T07:39:40","slug":"faq","status":"publish","type":"page","link":"https:\/\/diary.umlauts.de\/?page_id=969","title":{"rendered":"FAQ"},"content":{"rendered":"\n<p>Vor einiger Zeit hatte ich in Folge 180 des CHINA TAGEBUCH ein FAQ ver\u00f6ffentlicht. Da es etwas m\u00fchsam ist, sich alte Folgen anzuh\u00f6ren, hier ein Update und eine Erg\u00e4nzung. (<a href=\"https:\/\/diary.umlauts.de\/?podcast=180-fragen-und-antworten\">https:\/\/diary.umlauts.de\/?podcast=180-fragen-und-antworten<\/a>)<\/p>\n\n\n\n<p><a href=\"#A1\">1 Wie kam ich nach China? Warum China?<\/a><\/p>\n\n\n\n<p><a href=\"#B2\">2 Was machst du beruflich?<\/a><\/p>\n\n\n\n<p><a href=\"#C3\">3 M\u00f6chtest du wieder journalistisch arbeiten?&nbsp;<\/a><\/p>\n\n\n\n<p><a href=\"#D4\">4 Ist dein Podcast objektiv, neutral &#8230;?<\/a><\/p>\n\n\n\n<p><a href=\"#E5\">5 Bekommst du von XYZ, Parteien, Organisationen, Think-Tanks &#8230; Geld\/ Unterst\u00fctzung\/ Privilegien?<\/a><\/p>\n\n\n\n<p><a href=\"#F6\">6 Warum erw\u00e4hnst du in deinen Episoden so oft Gr\u00f6nland?<\/a><\/p>\n\n\n\n<p><a href=\"#G7\">7 Hast du Hobbys?<\/a><\/p>\n\n\n\n<p><a href=\"#H8\">8 Ist der Podcast kommerziell?<\/a><\/p>\n\n\n\n<p><a href=\"#I9\">9 Wie kann ich den Podcast unterst\u00fctzen?<\/a><\/p>\n\n\n\n<p><a href=\"#J10\">10 Was hat es mit diesem YouTube-Kanal auf sich?<\/a><\/p>\n\n\n\n<p><a href=\"#K11\">11 Kann ich Gast im Podcast sein?<\/a><\/p>\n\n\n\n<p><a href=\"#L12\">12 Warum sprichst du im Podcast nicht (mehr) \u00fcber Erneuerbare Energien?<\/a><\/p>\n\n\n\n<p><a href=\"#M13\">13 Welche Technik verwendest du?<\/a><\/p>\n\n\n\n<p><a href=\"#N14\">14 Was kannst du gar nicht leiden?<\/a><\/p>\n\n\n\n<p><em><strong><a id=\"A1\"><\/a>1 Wie kam ich nach China? Warum China?<\/strong><\/em><\/p>\n\n\n\n<p>Die Antwort ist etwas l\u00e4nger. Deshalb hier ein Link zu einem Artikel, in dem ich das etwas ausf\u00fchrlicher beschrieben habe.<br><a href=\"https:\/\/diary.umlauts.de\/wp-content\/uploads\/2023\/12\/Strohhalm-03-2023-klein.pdf\">https:\/\/diary.umlauts.de\/wp-content\/uploads\/2023\/12\/Strohhalm-03-2023-klein.pdf<\/a><\/p>\n\n\n\n<p><em><strong><a id=\"B2\"><\/a>2 Was machst du beruflich?<\/strong><\/em><\/p>\n\n\n\n<p>Ich bin seit 1990 Diplom-Ingenieur f\u00fcr E-Technik im Bereich Erneuerbare Energien und arbeite seitdem in diesem Bereich. Seit 2000 schreibe ich in Zeitschriften \u00fcber Erneuerbare Energien. Ab 2005 war ich haupts\u00e4chlich f\u00fcr die Bielefelder Verlags-Anstalt (BVA) journalistisch t\u00e4tig. Seit 2019 hat sich mein T\u00e4tigkeitsfeld vom Journalismus in Richtung Unternehmenskommunikation\/Marketing entwickelt.<\/p>\n\n\n\n<p>Derzeit arbeite ich in einer Agentur, die DACh-Firmen beim Marketing in China unterst\u00fctzt und umgekehrt chinesische Firmen, die in DACh Fu\u00df fassen wollen.<\/p>\n\n\n\n<p><em><strong><a id=\"C3\"><\/a>3 M\u00f6chtest du wieder journalistisch arbeiten?&nbsp;<\/strong><\/em><\/p>\n\n\n\n<p>Nein.&nbsp;<\/p>\n\n\n\n<p><em><strong><a id=\"D4\"><\/a>4 Ist dein Podcast objektiv, neutral &#8230;?<\/strong><\/em><\/p>\n\n\n\n<p>Nein, ganz bestimmt nicht. Es ist ein pers\u00f6nliches Tagebuch &#8211; also eher subjektiv. Nat\u00fcrlich versuche ich Aussagen, Nachrichten, Erz\u00e4hlungen &#8230; auf ihren Wahrheitsgehalt hin zu \u00fcberpr\u00fcfen und entsprechend einzuordnen. Meistens gelingt mir das auch. Wenn ich aber doch mal einen Fehler mache oder wirklich Quatsch erz\u00e4hle, bin ich f\u00fcr jede R\u00fcckmeldung dankbar.<\/p>\n\n\n\n<p><em><strong><a id=\"E5\"><\/a>5 Bekommst du von XYZ, Parteien, Organisationen, Think-Tanks &#8230; Geld\/ Unterst\u00fctzung\/ Privilegien?<\/strong><\/em><\/p>\n\n\n\n<p>Nein. Diese Frage h\u00f6re ich, seit ich in China lebe, mindestens 3x am Tag &#8211; vor allem aus Deutschland &#8211; und meistens dann, wenn ich mich nicht in den Meinungskorridor des\/der Fragenden einordnen mag. Letztendlich sagt diese Frage mehr \u00fcber den Fragenden aus, als ich hier kommentieren m\u00f6chte.<\/p>\n\n\n\n<p><em><strong><a id=\"F6\"><\/a>6 Warum erw\u00e4hnst du in deinen Episoden so oft Gr\u00f6nland?<\/strong><\/em><\/p>\n\n\n\n<p>&#8222;Ein Teil der Antworten w\u00fcrde die Bev\u00f6lkerung verunsichern.&#8220; (L.d.M.)<\/p>\n\n\n\n<p><em><strong><a id=\"G7\"><\/a>7 Hast du Hobbys?<\/strong><\/em><\/p>\n\n\n\n<p>Ja, zu viele &#8230; Was ich am liebsten mache: 1. reisen, 2. filmen, fotografieren, 3. schreiben, 4. lesen, 5. CJK-METAL h\u00f6ren &#8230; und \u00fcber allem steht das Podcasten.<\/p>\n\n\n\n<p>Was so ein wenig schwelt, aber aus Zeitmangel &#8230; na ja &#8230; das ist Python\/RenPy Spieleprogrammierung, Malen mit dem Wacom, Musik machen, ein Herbarium anlegen, Cyanotypie &#8230;<\/p>\n\n\n\n<p><em><strong><a id=\"H8\"><\/a>8 Ist der Podcast kommerziell?<\/strong><\/em><\/p>\n\n\n\n<p>Nein, ab Folge 210 gibt es keine Werbung mehr in den Episoden.<\/p>\n\n\n\n<p><em><strong><a id=\"I9\"><\/a>9 Wie kann ich den Podcast unterst\u00fctzen?<\/strong><\/em><\/p>\n\n\n\n<p>Die beste Unterst\u00fctzung ist das Weiterleiten, Teilen, Bewerten &#8230; Also nicht nur &#8222;liken&#8220;. Verbreitet den Podcast in euren Netzwerken und sprecht mit euren Freunden dar\u00fcber. Kommentare sind nat\u00fcrlich auch willkommen und die Nutzung des Forums w\u00e4re ebenfalls hilfreich.<\/p>\n\n\n\n<p>Zur finanziellen Unterst\u00fctzung gibt es einen Patreon-Kanal, den ich in Zukunft etwas mehr nutzen werde. (<a href=\"https:\/\/www.patreon.com\/sventetzlaff\">https:\/\/www.patreon.com\/sventetzlaff<\/a>)<\/p>\n\n\n\n<p>Wichtig w\u00e4re auch, dass ihr den Podcast direkt bei mir abonniert &#8211; und nicht \u00fcber irgendwelche Plattformen. Das geht am besten, wenn ihr euch einen Podcatcher herunterladet und dann auf der Landingpage (<a href=\"https:\/\/diary.umlauts.de\">https:\/\/diary.umlauts.de<\/a>) auf den Subscribe-Button klickt. Geeignete Podcatcher sind z.B. <a href=\"https:\/\/antennapod.org\/de\/\">AntennaPod (Android)<\/a> oder <a href=\"https:\/\/overcast.fm\/\">OverCast(iOs)<\/a>.<\/p>\n\n\n\n<p>Um mit dem \u00fcblichen Vorurteil aufzur\u00e4umen: Von den Plattformen wie Spotify, Amazon, Deezer, Podimo &#8230; keinen Cent. Diese Plattformen kapern nur die freien Podcasts, um ihr Portfolio aufzupeppen. Sie sind meiner Meinung nach nicht dazu da, den &#8222;Creators&#8220; eine halbwegs faire Entlohnung zukommen zu lassen.<\/p>\n\n\n\n<p>Und last but not least: Schickt mir Themen, die ihr h\u00f6ren wollt. Wenn m\u00f6glich, werde ich diese aufgreifen und dann ordentlich verpodcasten.<\/p>\n\n\n\n<p><em><strong><a id=\"J10\"><\/a>10&nbsp;Was hat es mit diesem YouTube-Kanal auf sich?<\/strong><\/em><\/p>\n\n\n\n<p>Im Podcast habe ich immer wieder auf meine eigenen Videos verwiesen. Da lag es nahe, beide Medien miteinander zu verbinden. Das ist ein Experiment &#8230; und ich bin gespannt, ob so ein Konzept aufgeht. Auf keinen Fall wird dieser Audio-Podcast irgendwann zu einem VLog mutieren. Man muss also keine Angst haben, irgendwo, irgendwann mein Gesicht v\u00f6llig unmotiviert \u00fcber 20 Minuten pr\u00e4sentiert zu bekommen. (<a href=\"https:\/\/www.youtube.com\/@chinatagebuch\">https:\/\/www.youtube.com\/@chinatagebuch<\/a>)<\/p>\n\n\n\n<p><em><strong><a id=\"K11\"><\/a>11 Kann ich Gast im Podcast sein?<\/strong><\/em><\/p>\n\n\n\n<p>Im Prinzip ja. Die Details m\u00fcssen dann entsprechend abgesprochen werden.<\/p>\n\n\n\n<p>Was auch geht und meist viel einfacher zu realisieren ist (vor allem zeitlich), ist einfach eine Audiobotschaft zu senden. Sprecht also den Text, den ihr vortragen wollt, in ein Mikrofon und schickt ihn mir zu. Wenn ihr wollt, kann ich das Audio auch noch etwas aufpolieren (\u00c4hs, \u00d6hs, Pausen, Mundger\u00e4usche &#8230;). Da die Dateien oft sehr gro\u00df sind, benutzt f\u00fcr die \u00dcbertragung meinen&nbsp; unbegrenzten Wetransfer-Account: <a href=\"https:\/\/sventetzlaff.wetransfer.com\/\">https:\/\/sventetzlaff.wetransfer.com\/<\/a><\/p>\n\n\n\n<p><em><strong><a id=\"L12\"><\/a>12 Warum sprichst du im Podcast nicht (mehr) \u00fcber Erneuerbare Energien?<\/strong><\/em><\/p>\n\n\n\n<p>Das habe ich fr\u00fcher gemacht und war f\u00fcr viele der Grund, den Podcast \u00fcberhaupt zu h\u00f6ren. Irgendwann hat das Thema die Oberhand gewonnen und fast die Alltagsthemen verdr\u00e4ngt. Das wiederum kollidierte mit dem H\u00f6rwunsch derer, die mehr \u00fcber meinen Alltag h\u00f6ren wollten.<\/p>\n\n\n\n<p><a href=\"https:\/\/eekolloquium.de\">https:\/\/eekolloquium.de<\/a>Also startete ich das Projekt eines eigenen Erneuerbare-Energien-Podcasts. Dieser Podcast ist jetzt online und hier zu finden: <a href=\"https:\/\/eekolloquium.de\/\">https:\/\/eekolloquium.de\/<\/a>.\u00a0<\/p>\n\n\n\n<p>Dort diskutieren wir \u00fcber alle Varianten der EE und auch mit der n\u00f6tigen Tiefe.&nbsp;<\/p>\n\n\n\n<figure class=\"wp-block-image size-full\"><img loading=\"lazy\" decoding=\"async\" width=\"512\" height=\"512\" src=\"https:\/\/diary.umlauts.de\/wp-content\/uploads\/2024\/10\/ee-kolloquium-icon.png\" alt=\"https:\/\/eekolloquium.de\" class=\"wp-image-970\" srcset=\"https:\/\/diary.umlauts.de\/wp-content\/uploads\/2024\/10\/ee-kolloquium-icon.png 512w, https:\/\/diary.umlauts.de\/wp-content\/uploads\/2024\/10\/ee-kolloquium-icon-300x300.png 300w, https:\/\/diary.umlauts.de\/wp-content\/uploads\/2024\/10\/ee-kolloquium-icon-150x150.png 150w\" sizes=\"auto, (max-width: 512px) 100vw, 512px\" \/><\/figure>\n\n\n\n<p><em><strong><a id=\"M13\"><\/a>13 Welche Technik verwendest du?<\/strong><\/em><\/p>\n\n\n\n<p>Ich versuche, meine Ausr\u00fcstung so einfach und robust wie m\u00f6glich zu halten. <\/p>\n\n\n\n<figure class=\"wp-block-image size-large is-resized\"><img loading=\"lazy\" decoding=\"async\" width=\"1024\" height=\"768\" src=\"https:\/\/diary.umlauts.de\/wp-content\/uploads\/2024\/10\/IMG_20241005_131317-1024x768.jpg\" alt=\"\" class=\"wp-image-971\" style=\"width:600px\" srcset=\"https:\/\/diary.umlauts.de\/wp-content\/uploads\/2024\/10\/IMG_20241005_131317-1024x768.jpg 1024w, https:\/\/diary.umlauts.de\/wp-content\/uploads\/2024\/10\/IMG_20241005_131317-300x225.jpg 300w, https:\/\/diary.umlauts.de\/wp-content\/uploads\/2024\/10\/IMG_20241005_131317-768x576.jpg 768w, https:\/\/diary.umlauts.de\/wp-content\/uploads\/2024\/10\/IMG_20241005_131317-1536x1152.jpg 1536w, https:\/\/diary.umlauts.de\/wp-content\/uploads\/2024\/10\/IMG_20241005_131317-2048x1536.jpg 2048w\" sizes=\"auto, (max-width: 1024px) 100vw, 1024px\" \/><\/figure>\n\n\n\n<p>Hier ist meine Aufnahmeausr\u00fcstung &#8230;<\/p>\n\n\n\n<p>Aufnahmeger\u00e4t: Zoom H6<br><a href=\"https:\/\/amzn.to\/3T3GbZf\">https:\/\/amzn.to\/3T3GbZf<\/a><\/p>\n\n\n\n<p>Kopfh\u00f6rer: Beyerdynamic DT297<br><a href=\"https:\/\/amzn.to\/3IwnTuA\">https:\/\/amzn.to\/3IwnTuA<\/a><\/p>\n\n\n\n<p>Mikrofon(e): SM58<br><a href=\"https:\/\/amzn.to\/4gToDKo\">https:\/\/amzn.to\/4gToDKo<\/a><\/p>\n\n\n\n<p>Funkmikrofon: DJI MIC II<br><a href=\"https:\/\/amzn.to\/4eMBs85\">https:\/\/amzn.to\/4eMBs85<\/a><\/p>\n\n\n\n<p>Audio-Interface: PreSonus revelator io24<br><a href=\"https:\/\/amzn.to\/3uZScqw\">https:\/\/amzn.to\/3uZScqw<\/a><\/p>\n\n\n\n<p>DAW: Davinci Resolve (Fairlight)<br><a href=\"https:\/\/amzn.to\/3zNGhyr\">https:\/\/amzn.to\/3zNGhyr<\/a><\/p>\n\n\n\n<p><em><strong><a id=\"N14\"><\/a>14 Was kannst du gar nicht leiden?<\/strong><\/em><\/p>\n\n\n\n<p>Arroganz, Unehrlichkeit, Intoleranz, abergl\u00e4ubisch-religi\u00f6ses Geschwurbel &#8230;&nbsp;<\/p>\n\n\n\n<p><\/p>\n","protected":false},"excerpt":{"rendered":"<p>Vor einiger Zeit hatte ich in Folge 180 des CHINA TAGEBUCH ein FAQ ver\u00f6ffentlicht. Da es etwas m\u00fchsam ist, sich alte Folgen anzuh\u00f6ren, hier ein Update und eine Erg\u00e4nzung. (https:\/\/diary.umlauts.de\/?podcast=180-fragen-und-antworten) 1 Wie kam ich nach China? Warum China? 2 Was machst du beruflich? 3 M\u00f6chtest du wieder journalistisch arbeiten?&nbsp; 4 Ist dein Podcast objektiv, neutral&#8230;<\/p>\n","protected":false},"author":1,"featured_media":0,"parent":0,"menu_order":0,"comment_status":"closed","ping_status":"closed","template":"","meta":{"footnotes":""},"class_list":["post-969","page","type-page","status-publish","hentry"],"_links":{"self":[{"href":"https:\/\/diary.umlauts.de\/index.php?rest_route=\/wp\/v2\/pages\/969","targetHints":{"allow":["GET"]}}],"collection":[{"href":"https:\/\/diary.umlauts.de\/index.php?rest_route=\/wp\/v2\/pages"}],"about":[{"href":"https:\/\/diary.umlauts.de\/index.php?rest_route=\/wp\/v2\/types\/page"}],"author":[{"embeddable":true,"href":"https:\/\/diary.umlauts.de\/index.php?rest_route=\/wp\/v2\/users\/1"}],"replies":[{"embeddable":true,"href":"https:\/\/diary.umlauts.de\/index.php?rest_route=%2Fwp%2Fv2%2Fcomments&post=969"}],"version-history":[{"count":1,"href":"https:\/\/diary.umlauts.de\/index.php?rest_route=\/wp\/v2\/pages\/969\/revisions"}],"predecessor-version":[{"id":973,"href":"https:\/\/diary.umlauts.de\/index.php?rest_route=\/wp\/v2\/pages\/969\/revisions\/973"}],"wp:attachment":[{"href":"https:\/\/diary.umlauts.de\/index.php?rest_route=%2Fwp%2Fv2%2Fmedia&parent=969"}],"curies":[{"name":"wp","href":"https:\/\/api.w.org\/{rel}","templated":true}]}}