{"id":125,"date":"2022-08-22T02:47:32","date_gmt":"2022-08-22T01:47:32","guid":{"rendered":"https:\/\/diary.umlauts.de\/?page_id=125"},"modified":"2022-08-22T02:57:15","modified_gmt":"2022-08-22T01:57:15","slug":"kontakt","status":"publish","type":"page","link":"https:\/\/diary.umlauts.de\/?page_id=125","title":{"rendered":"Kontakt"},"content":{"rendered":"\n<p>Dies ist eine private Seite von Sven Tetzlaff, der als Autor und Fotograf abwechselnd in Hangzhou und Hong Kong lebt. Inhaltlich Verantwortlicher gem\u00e4\u00df \u00a7 55 Abs. 2 RStV: Sven Tetzlaff.<\/p>\n\n\n\n<p>E-Mail: <a href=\"mailto:sven.tetzlaff@umlauts.de\">sven.tetzlaff@umlauts.de<\/a><\/p>\n\n\n\n<p>Haftungshinweis: Trotz sorgf\u00e4ltiger inhaltlicher Kontrolle \u00fcbernehmen wir keine Haftung f\u00fcr die Inhalte externer Links. F\u00fcr den Inhalt der verlinkten Seiten sind ausschlie\u00dflich deren Betreiber verantwortlich.<\/p>\n\n\n\n<p>Soweit nicht anders gekennzeichnet, sind alle Bilder und Texte <strong>CC BY-NC-SA 3.0<\/strong> lizensiert. Weitere Infos zur Creative Commons Lizenz stehen in den allgemeinen <a href=\"http:\/\/creativecommons.org\/licenses\/by-sa\/3.0\/de\/\" target=\"_blank\" rel=\"noreferrer noopener\">Lizenzbedingungen.<\/a><\/p>\n\n\n\n<hr class=\"wp-block-separator has-alpha-channel-opacity\"\/>\n\n\n\n<p><strong>Wo du mich noch findest &#8230;<\/strong><\/p>\n\n\n\n<p><br>Wechat: sventetzlaff<\/p>\n\n\n\n<figure class=\"wp-block-image is-resized\"><img loading=\"lazy\" decoding=\"async\" src=\"http:\/\/umlauts.de\/images\/mmqrcode1641400730651.png\" alt=\"\" width=\"214\" height=\"214\"\/><\/figure>\n\n\n\n<p>Mastodon: <a href=\"https:\/\/literatur.social\/@sventetzlaff\">@<\/a><a href=\"mailto:sventetzlaff@literatur.social\">sventetzlaff@literatur.social<\/a> <a href=\"https:\/\/anchor.fm\/sven-tetzlaff\/message\"><\/a><\/p>\n\n\n\n<p>Galerie: <a href=\"https:\/\/umlauts.de\/piwigo\" target=\"_blank\" rel=\"noreferrer noopener\">https:\/\/umlauts.de\/piwigo<\/a><\/p>\n\n\n\n<p>Instagram: <a href=\"https:\/\/www.instagram.com\/sventetzlaff\/\">https:\/\/www.instagram.com\/sventetzlaff\/<\/a><\/p>\n\n\n\n<p>Facebook: <a href=\"https:\/\/www.facebook.com\/umlautsareoverestimated\">https:\/\/www.facebook.com\/umlautsareoverestimated<\/a><\/p>\n\n\n\n<p>Matrix: @sventetzlaff:matrix.org <a href=\"https:\/\/anchor.fm\/sven-tetzlaff\/message\"><\/a><\/p>\n\n\n\n<p><em><br>Podcasts<\/em><\/p>\n\n\n\n<p>Umlauts Diary (UD): <a href=\"https:\/\/anchor.fm\/sven-tetzlaff\">https:\/\/anchor.fm\/sven-tetzlaff<\/a><\/p>\n\n\n\n<p>Umlauts Are Overestimated (UAO): <a href=\"https:\/\/podcast.umlauts.de\/\">https:\/\/podcast.umlauts.de\/<\/a><\/p>\n\n\n\n<p>Malatang mit Tian Tian: <a href=\"http:\/\/malatang.umlauts.de\/\">http:\/\/malatang.umlauts.de\/<\/a> (Video: <a href=\"https:\/\/www.youtube.com\/channel\/UCjmFUNtJZ77UcLNtjFkkBOg\">https:\/\/www.youtube.com\/channel\/UCjmFUNtJZ77UcLNtjFkkBOg<\/a>)<\/p>\n\n\n\n<p>Major Li (Hoerbuch): <a href=\"https:\/\/li.umlauts.de\/\">https:\/\/li.umlauts.de\/<\/a><\/p>\n\n\n\n<p><em>Buecher:<\/em><\/p>\n\n\n\n<figure class=\"wp-block-image\"><a href=\"https:\/\/amzn.to\/3wkwB9P\"><img decoding=\"async\" src=\"http:\/\/umlauts.de\/images\/ImageHandler1.png\" alt=\"\"\/><\/a><\/figure>\n\n\n\n<figure class=\"wp-block-image\"><a href=\"https:\/\/amzn.to\/3PKE8p3\"><img decoding=\"async\" src=\"http:\/\/umlauts.de\/images\/ImageHandler2.png\" alt=\"\"\/><\/a><\/figure>\n\n\n\n<p><br><em>Hoerbuch:<\/em><\/p>\n\n\n\n<figure class=\"wp-block-image size-full is-resized\"><a href=\"https:\/\/www.audible.de\/pd\/Li-und-der-Schatz-Hoerbuch\/B09P4ZJFVG?action_code=ASSGB149080119000H&amp;share_location=pdp&amp;shareTest=TestShare\"><img loading=\"lazy\" decoding=\"async\" src=\"https:\/\/diary.umlauts.de\/wp-content\/uploads\/2022\/08\/51QLEYMPLmL._SL500_.jpg\" alt=\"\" class=\"wp-image-131\" width=\"193\" height=\"193\" srcset=\"https:\/\/diary.umlauts.de\/wp-content\/uploads\/2022\/08\/51QLEYMPLmL._SL500_.jpg 500w, https:\/\/diary.umlauts.de\/wp-content\/uploads\/2022\/08\/51QLEYMPLmL._SL500_-300x300.jpg 300w, https:\/\/diary.umlauts.de\/wp-content\/uploads\/2022\/08\/51QLEYMPLmL._SL500_-150x150.jpg 150w\" sizes=\"auto, (max-width: 193px) 100vw, 193px\" \/><\/a><\/figure>\n\n\n\n<p><\/p>\n\n\n\n<p><em>Video<\/em><\/p>\n\n\n\n<p>My PeerTube:&nbsp;<a href=\"https:\/\/tube.tchncs.de\/accounts\/sventetzlaff\/video-channels\">https:\/\/tube.tchncs.de\/accounts\/sventetzlaff\/video-channels<\/a> <a href=\"https:\/\/anchor.fm\/sven-tetzlaff\/message\"><\/a><\/p>\n\n\n\n<p>My YouTube:&nbsp;<a href=\"https:\/\/www.youtube.com\/channel\/UCxXkDaEnRT8C9tgRY312g0A\">https:\/\/www.youtube.com\/channel\/UCxXkDaEnRT8C9tgRY312g0A<\/a><\/p>\n\n\n\n<p>MALATANG YT: <a href=\"https:\/\/www.youtube.com\/channel\/UCjmFUNtJZ77UcLNtjFkkBOg\">https:\/\/www.youtube.com\/channel\/UCjmFUNtJZ77UcLNtjFkkBOg<\/a><\/p>\n\n\n\n<hr class=\"wp-block-separator has-alpha-channel-opacity\"\/>\n","protected":false},"excerpt":{"rendered":"<p>Dies ist eine private Seite von Sven Tetzlaff, der als Autor und Fotograf abwechselnd in Hangzhou und Hong Kong lebt. Inhaltlich Verantwortlicher gem\u00e4\u00df \u00a7 55 Abs. 2 RStV: Sven Tetzlaff. E-Mail: sven.tetzlaff@umlauts.de Haftungshinweis: Trotz sorgf\u00e4ltiger inhaltlicher Kontrolle \u00fcbernehmen wir keine Haftung f\u00fcr die Inhalte externer Links. F\u00fcr den Inhalt der verlinkten Seiten sind ausschlie\u00dflich deren&#8230;<\/p>\n","protected":false},"author":1,"featured_media":0,"parent":0,"menu_order":0,"comment_status":"closed","ping_status":"closed","template":"","meta":{"footnotes":""},"class_list":["post-125","page","type-page","status-publish","hentry"],"_links":{"self":[{"href":"https:\/\/diary.umlauts.de\/index.php?rest_route=\/wp\/v2\/pages\/125","targetHints":{"allow":["GET"]}}],"collection":[{"href":"https:\/\/diary.umlauts.de\/index.php?rest_route=\/wp\/v2\/pages"}],"about":[{"href":"https:\/\/diary.umlauts.de\/index.php?rest_route=\/wp\/v2\/types\/page"}],"author":[{"embeddable":true,"href":"https:\/\/diary.umlauts.de\/index.php?rest_route=\/wp\/v2\/users\/1"}],"replies":[{"embeddable":true,"href":"https:\/\/diary.umlauts.de\/index.php?rest_route=%2Fwp%2Fv2%2Fcomments&post=125"}],"version-history":[{"count":3,"href":"https:\/\/diary.umlauts.de\/index.php?rest_route=\/wp\/v2\/pages\/125\/revisions"}],"predecessor-version":[{"id":132,"href":"https:\/\/diary.umlauts.de\/index.php?rest_route=\/wp\/v2\/pages\/125\/revisions\/132"}],"wp:attachment":[{"href":"https:\/\/diary.umlauts.de\/index.php?rest_route=%2Fwp%2Fv2%2Fmedia&parent=125"}],"curies":[{"name":"wp","href":"https:\/\/api.w.org\/{rel}","templated":true}]}}